{"id":36166,"date":"2024-03-04T20:32:11","date_gmt":"2024-03-04T20:32:11","guid":{"rendered":"https:\/\/ivobergphotography.com\/?post_type=product&#038;p=36166"},"modified":"2024-03-04T20:50:40","modified_gmt":"2024-03-04T20:50:40","slug":"reflex-copy","status":"publish","type":"product","link":"https:\/\/ivobergphotography.com\/de\/produkt\/reflex-copy\/","title":{"rendered":"Spin"},"content":{"rendered":"","protected":false},"excerpt":{"rendered":"<p>Aufgenommen in 2023 in Paris, Frankreich.<\/p>\n<p>Paris ist ber\u00fchmt f\u00fcr eine Vielzahl von Dingen. Die beeindruckende Auswahl brutalistischer Geb\u00e4ude z\u00e4hlt \u00fcblicherweise nicht dazu. Dieses Parkhaus befindet sich in einem Au\u00dfenbezirk der Stadt namens Noisy-Le-Grand. Sich dort mit einer gro\u00dfen Kamera aufzuhalten bedeutet skeptische Blicke der Anwohner und, wenn man Gl\u00fcck hat, fantastische architektonische Funde wie diesen. Um dieses Bild aufnehmen zu k\u00f6nnen musste ich Z\u00e4une \u00fcberwinden und \u00dcberwachungskameras ausweichen.<\/p>\n<p>Bitte w\u00e4hle deine bevorzugte Gr\u00f6\u00dfe und kontaktiere mich \u00fcber den Button &#8222;Kontakt aufnehmen&#8220;<br \/>\nDieses Bild ist auch im Rahmen einer Serie mit offenem Format erh\u00e4ltlich, limitiert auf 10 St\u00fcck.<br \/>\nHier k\u00f6nnen auch andere Druckmaterialien und Gr\u00f6\u00dfen gew\u00e4hlt werden. Preis individuell auf Anfrage.<\/p>\n<p><a style=\"background-color: #2a324b; color: white; padding: 10px 20px; text-decoration: none; border-radius: 8px;\" href=\"https:\/\/ivobergphotography.com\/de\/kontakt\/\" target=\"_blank\" rel=\"noopener noreferrer\">Kontakt aufnehmen<\/a><\/p>\n","protected":false},"featured_media":36170,"template":"","meta":[],"product_brand":[],"product_cat":[253],"product_tag":[254,255],"class_list":{"0":"post-36166","1":"product","2":"type-product","3":"status-publish","4":"has-post-thumbnail","6":"product_cat-quadratisch","7":"product_tag-architektur","8":"product_tag-quadratisch","10":"first","11":"instock","12":"shipping-taxable","13":"purchasable","14":"product-type-variable","15":"has-default-attributes"},"_links":{"self":[{"href":"https:\/\/ivobergphotography.com\/de\/wp-json\/wp\/v2\/product\/36166","targetHints":{"allow":["GET"]}}],"collection":[{"href":"https:\/\/ivobergphotography.com\/de\/wp-json\/wp\/v2\/product"}],"about":[{"href":"https:\/\/ivobergphotography.com\/de\/wp-json\/wp\/v2\/types\/product"}],"wp:featuredmedia":[{"embeddable":true,"href":"https:\/\/ivobergphotography.com\/de\/wp-json\/wp\/v2\/media\/36170"}],"wp:attachment":[{"href":"https:\/\/ivobergphotography.com\/de\/wp-json\/wp\/v2\/media?parent=36166"}],"wp:term":[{"taxonomy":"product_brand","embeddable":true,"href":"https:\/\/ivobergphotography.com\/de\/wp-json\/wp\/v2\/product_brand?post=36166"},{"taxonomy":"product_cat","embeddable":true,"href":"https:\/\/ivobergphotography.com\/de\/wp-json\/wp\/v2\/product_cat?post=36166"},{"taxonomy":"product_tag","embeddable":true,"href":"https:\/\/ivobergphotography.com\/de\/wp-json\/wp\/v2\/product_tag?post=36166"}],"curies":[{"name":"wp","href":"https:\/\/api.w.org\/{rel}","templated":true}]}}