{"id":36154,"date":"2024-03-04T20:18:33","date_gmt":"2024-03-04T20:18:33","guid":{"rendered":"https:\/\/ivobergphotography.com\/?post_type=product&#038;p=36154"},"modified":"2024-03-04T20:31:51","modified_gmt":"2024-03-04T20:31:51","slug":"wolkenhain-copy","status":"publish","type":"product","link":"https:\/\/ivobergphotography.com\/de\/produkt\/wolkenhain-copy\/","title":{"rendered":"Reflex"},"content":{"rendered":"","protected":false},"excerpt":{"rendered":"<p>Aufgenommen in 2023 in Berlin, Deutschland.<\/p>\n<p>Bei einer Tour durch die Innenstadt von Berlin kann man, wenn man die Augen offen h\u00e4lt, viele Dinge erleben und entdecken. Diese Perspektive beeindruckte mich durch seine klare und extrem interessante Symmetrie.<\/p>\n<p>Bitte w\u00e4hle deine bevorzugte Gr\u00f6\u00dfe und kontaktiere mich \u00fcber den Button &#8222;Kontakt aufnehmen&#8220;<br \/>\nDieses Bild ist auch im Rahmen einer Serie mit offenem Format erh\u00e4ltlich, limitiert auf 10 St\u00fcck.<br \/>\nHier k\u00f6nnen auch andere Druckmaterialien und Gr\u00f6\u00dfen gew\u00e4hlt werden. Preis individuell auf Anfrage.<\/p>\n<p><a style=\"background-color: #2a324b; color: white; padding: 10px 20px; text-decoration: none; border-radius: 8px;\" href=\"https:\/\/ivobergphotography.com\/de\/kontakt\/\" target=\"_blank\" rel=\"noopener noreferrer\">Kontakt aufnehmen<\/a><\/p>\n","protected":false},"featured_media":36158,"template":"","meta":[],"product_brand":[],"product_cat":[253],"product_tag":[254,256,257,255],"class_list":{"0":"post-36154","1":"product","2":"type-product","3":"status-publish","4":"has-post-thumbnail","6":"product_cat-quadratisch","7":"product_tag-architektur","8":"product_tag-berlin-de","9":"product_tag-deutschland","10":"product_tag-quadratisch","12":"first","13":"instock","14":"shipping-taxable","15":"purchasable","16":"product-type-variable","17":"has-default-attributes"},"_links":{"self":[{"href":"https:\/\/ivobergphotography.com\/de\/wp-json\/wp\/v2\/product\/36154","targetHints":{"allow":["GET"]}}],"collection":[{"href":"https:\/\/ivobergphotography.com\/de\/wp-json\/wp\/v2\/product"}],"about":[{"href":"https:\/\/ivobergphotography.com\/de\/wp-json\/wp\/v2\/types\/product"}],"wp:featuredmedia":[{"embeddable":true,"href":"https:\/\/ivobergphotography.com\/de\/wp-json\/wp\/v2\/media\/36158"}],"wp:attachment":[{"href":"https:\/\/ivobergphotography.com\/de\/wp-json\/wp\/v2\/media?parent=36154"}],"wp:term":[{"taxonomy":"product_brand","embeddable":true,"href":"https:\/\/ivobergphotography.com\/de\/wp-json\/wp\/v2\/product_brand?post=36154"},{"taxonomy":"product_cat","embeddable":true,"href":"https:\/\/ivobergphotography.com\/de\/wp-json\/wp\/v2\/product_cat?post=36154"},{"taxonomy":"product_tag","embeddable":true,"href":"https:\/\/ivobergphotography.com\/de\/wp-json\/wp\/v2\/product_tag?post=36154"}],"curies":[{"name":"wp","href":"https:\/\/api.w.org\/{rel}","templated":true}]}}