{"id":36368,"date":"2025-06-24T14:03:51","date_gmt":"2025-06-24T14:03:51","guid":{"rendered":"https:\/\/ivobergphotography.com\/ivo-berg-beim-kiezkunstmarkt-friedrichshain-2025\/"},"modified":"2025-06-24T14:14:13","modified_gmt":"2025-06-24T14:14:13","slug":"ivo-berg-beim-kiezkunstmarkt-friedrichshain-2025","status":"publish","type":"page","link":"https:\/\/ivobergphotography.com\/de\/ivo-berg-beim-kiezkunstmarkt-friedrichshain-2025\/","title":{"rendered":"Ivo Berg beim Kiezkunstmarkt Friedrichshain 2025"},"content":{"rendered":"\t\t<div data-elementor-type=\"wp-page\" data-elementor-id=\"36368\" class=\"elementor elementor-36368 elementor-36362\">\n\t\t\t\t\t\t<section class=\"elementor-section elementor-top-section elementor-element elementor-element-e30eafb elementor-section-boxed elementor-section-height-default elementor-section-height-default sc_fly_static\" data-id=\"e30eafb\" data-element_type=\"section\">\n\t\t\t\t\t\t<div class=\"elementor-container elementor-column-gap-extended\">\n\t\t\t\t\t<div class=\"elementor-column elementor-col-100 elementor-top-column elementor-element elementor-element-1cebc8d sc_inner_width_none sc_content_align_inherit sc_layouts_column_icons_position_left sc_fly_static\" data-id=\"1cebc8d\" data-element_type=\"column\">\n\t\t\t<div class=\"elementor-widget-wrap elementor-element-populated\">\n\t\t\t\t\t\t<div class=\"elementor-element elementor-element-cee20ed sc_fly_static elementor-widget elementor-widget-heading\" data-id=\"cee20ed\" data-element_type=\"widget\" data-widget_type=\"heading.default\">\n\t\t\t\t<div class=\"elementor-widget-container\">\n\t\t\t\t\t<h2 class=\"elementor-heading-title elementor-size-default\">Vorschau: KiezKunstMarkt in Friedrichshain<\/h2>\t\t\t\t<\/div>\n\t\t\t\t<\/div>\n\t\t\t\t\t<\/div>\n\t\t<\/div>\n\t\t\t\t\t<\/div>\n\t\t<\/section>\n\t\t\t\t<section class=\"elementor-section elementor-top-section elementor-element elementor-element-2c41a2f elementor-section-boxed elementor-section-height-default elementor-section-height-default sc_fly_static\" data-id=\"2c41a2f\" data-element_type=\"section\">\n\t\t\t\t\t\t<div class=\"elementor-container elementor-column-gap-extended\">\n\t\t\t\t\t<div class=\"elementor-column elementor-col-100 elementor-top-column elementor-element elementor-element-85b3240 sc_inner_width_none sc_content_align_inherit sc_layouts_column_icons_position_left sc_fly_static\" data-id=\"85b3240\" data-element_type=\"column\">\n\t\t\t<div class=\"elementor-widget-wrap\">\n\t\t\t\t\t\t\t<\/div>\n\t\t<\/div>\n\t\t\t\t\t<\/div>\n\t\t<\/section>\n\t\t\t\t<section class=\"elementor-section elementor-top-section elementor-element elementor-element-d042729 elementor-section-boxed elementor-section-height-default elementor-section-height-default sc_fly_static\" data-id=\"d042729\" data-element_type=\"section\">\n\t\t\t\t\t\t<div class=\"elementor-container elementor-column-gap-extended\">\n\t\t\t\t\t<div class=\"elementor-column elementor-col-100 elementor-top-column elementor-element elementor-element-62c32ec sc_inner_width_none sc_content_align_inherit sc_layouts_column_icons_position_left sc_fly_static\" data-id=\"62c32ec\" data-element_type=\"column\">\n\t\t\t<div class=\"elementor-widget-wrap elementor-element-populated\">\n\t\t\t\t\t\t<div class=\"elementor-element elementor-element-f6095d1 sc_fly_static elementor-widget elementor-widget-text-editor\" data-id=\"f6095d1\" data-element_type=\"widget\" data-widget_type=\"text-editor.default\">\n\t\t\t\t<div class=\"elementor-widget-container\">\n\t\t\t\t\t\t\t\t\t<p data-start=\"110\" data-end=\"488\">Ivo Berg nimmt am diesj\u00e4hrigen KiezKunstMarkt teil, der am Spreeufer in Berlin-Friedrichshain stattfindet. Der eint\u00e4gige Kunstmarkt versammelt lokale K\u00fcnstler<em data-start=\"329\" data-end=\"346\">innen, Designer<\/em>innen und Kreative zu einem offenen Event unter freiem Himmel \u2013 mit einer vielf\u00e4ltigen Auswahl an Originalwerken und handgefertigten Unikaten.<\/p>\n<p data-start=\"490\" data-end=\"888\">Vor der Kulisse der Spree in unmittelbarer N\u00e4he des nhow Hotels l\u00e4dt der Markt dazu ein, Kunst in entspannter Atmosph\u00e4re zu entdecken, mit den K\u00fcnstler*innen ins Gespr\u00e4ch zu kommen und besondere Arbeiten aus unterschiedlichen Stilrichtungen kennenzulernen. Ivo Berg pr\u00e4sentiert eine Auswahl seiner fotografischen Werke mit Fokus auf architektonische Form, Wiederholung und urbane Farbkompositionen.<\/p>\n<p data-start=\"890\" data-end=\"974\"><strong data-start=\"890\" data-end=\"911\">Veranstaltungsort<\/strong><br data-start=\"911\" data-end=\"914\" \/>Spreeufer (am nhow Hotel)<br data-start=\"939\" data-end=\"942\" \/>Stralauer Allee 3<br data-start=\"959\" data-end=\"962\" \/>10245 Berlin<\/p>\n<p data-start=\"976\" data-end=\"1088\"><strong data-start=\"976\" data-end=\"996\">Termin &amp; Uhrzeit<\/strong><br data-start=\"996\" data-end=\"999\" \/>31. August 2025<br data-start=\"1014\" data-end=\"1017\" \/>11:00\u201318:00 Uhr<br data-start=\"1032\" data-end=\"1035\" \/>Der Eintritt ist frei, alle sind herzlich willkommen.<\/p>\n<p data-start=\"1090\" data-end=\"1375\">Der KiezKunstMarkt steht f\u00fcr lokale Kreativit\u00e4t und nachbarschaftlichen Austausch in einem der lebendigsten Kieze Berlins. Besucher<em data-start=\"1221\" data-end=\"1369\">innen erwartet eine inspirierende Atmosph\u00e4re mit vielen Gelegenheiten zum St\u00f6bern, Entdecken und direkten Austausch mit den ausstellenden K\u00fcnstler<\/em>innen.<\/p>\n\t\t\t\t\t\t\t\t<\/div>\n\t\t\t\t<\/div>\n\t\t\t\t\t<\/div>\n\t\t<\/div>\n\t\t\t\t\t<\/div>\n\t\t<\/section>\n\t\t\t\t<\/div>\n\t\t","protected":false},"excerpt":{"rendered":"<p>Vorschau: KiezKunstMarkt in Friedrichshain Ivo Berg nimmt am diesj\u00e4hrigen KiezKunstMarkt teil, der am Spreeufer in Berlin-Friedrichshain stattfindet. Der eint\u00e4gige Kunstmarkt versammelt lokale K\u00fcnstlerinnen, Designerinnen und Kreative zu einem offenen Event&hellip;<\/p>\n","protected":false},"author":1,"featured_media":0,"parent":0,"menu_order":0,"comment_status":"closed","ping_status":"closed","template":"","meta":{"footnotes":""},"class_list":["post-36368","page","type-page","status-publish","hentry"],"_links":{"self":[{"href":"https:\/\/ivobergphotography.com\/de\/wp-json\/wp\/v2\/pages\/36368","targetHints":{"allow":["GET"]}}],"collection":[{"href":"https:\/\/ivobergphotography.com\/de\/wp-json\/wp\/v2\/pages"}],"about":[{"href":"https:\/\/ivobergphotography.com\/de\/wp-json\/wp\/v2\/types\/page"}],"author":[{"embeddable":true,"href":"https:\/\/ivobergphotography.com\/de\/wp-json\/wp\/v2\/users\/1"}],"replies":[{"embeddable":true,"href":"https:\/\/ivobergphotography.com\/de\/wp-json\/wp\/v2\/comments?post=36368"}],"version-history":[{"count":1,"href":"https:\/\/ivobergphotography.com\/de\/wp-json\/wp\/v2\/pages\/36368\/revisions"}],"predecessor-version":[{"id":36369,"href":"https:\/\/ivobergphotography.com\/de\/wp-json\/wp\/v2\/pages\/36368\/revisions\/36369"}],"wp:attachment":[{"href":"https:\/\/ivobergphotography.com\/de\/wp-json\/wp\/v2\/media?parent=36368"}],"curies":[{"name":"wp","href":"https:\/\/api.w.org\/{rel}","templated":true}]}}