{"id":35670,"date":"2020-05-27T13:05:56","date_gmt":"2020-05-27T13:05:56","guid":{"rendered":"https:\/\/ivobergphotography.com\/about-us\/"},"modified":"2025-06-24T11:46:19","modified_gmt":"2025-06-24T11:46:19","slug":"ueber-mich","status":"publish","type":"page","link":"https:\/\/ivobergphotography.com\/de\/ueber-mich\/","title":{"rendered":"\u00dcber mich"},"content":{"rendered":"\t\t<div data-elementor-type=\"wp-page\" data-elementor-id=\"35670\" class=\"elementor elementor-35670 elementor-4027\">\n\t\t\t\t\t\t<section class=\"elementor-section elementor-top-section elementor-element elementor-element-827b5c8 elementor-section-boxed elementor-section-height-default elementor-section-height-default sc_fly_static\" data-id=\"827b5c8\" data-element_type=\"section\">\n\t\t\t\t\t\t<div class=\"elementor-container elementor-column-gap-extended\">\n\t\t\t\t\t<div class=\"elementor-column elementor-col-100 elementor-top-column elementor-element elementor-element-dc945ea sc_inner_width_none sc_content_align_inherit sc_layouts_column_icons_position_left sc_fly_static\" data-id=\"dc945ea\" data-element_type=\"column\">\n\t\t\t<div class=\"elementor-widget-wrap elementor-element-populated\">\n\t\t\t\t\t\t<div class=\"elementor-element elementor-element-a9d9d15 sc_fly_static elementor-widget elementor-widget-spacer\" data-id=\"a9d9d15\" data-element_type=\"widget\" data-widget_type=\"spacer.default\">\n\t\t\t\t<div class=\"elementor-widget-container\">\n\t\t\t\t\t\t\t<div class=\"elementor-spacer\">\n\t\t\t<div class=\"elementor-spacer-inner\"><\/div>\n\t\t<\/div>\n\t\t\t\t\t\t<\/div>\n\t\t\t\t<\/div>\n\t\t\t\t<div class=\"elementor-element elementor-element-8361a21 sc_layouts_hide_on_mobile sc_fly_static elementor-widget elementor-widget-spacer\" data-id=\"8361a21\" data-element_type=\"widget\" data-widget_type=\"spacer.default\">\n\t\t\t\t<div class=\"elementor-widget-container\">\n\t\t\t\t\t\t\t<div class=\"elementor-spacer\">\n\t\t\t<div class=\"elementor-spacer-inner\"><\/div>\n\t\t<\/div>\n\t\t\t\t\t\t<\/div>\n\t\t\t\t<\/div>\n\t\t\t\t\t<\/div>\n\t\t<\/div>\n\t\t\t\t\t<\/div>\n\t\t<\/section>\n\t\t\t\t<section class=\"elementor-section-with-custom-width elementor-section elementor-top-section elementor-element elementor-element-ea70d1a elementor-section-stretched elementor-section-boxed elementor-section-height-default elementor-section-height-default sc_fly_static\" data-id=\"ea70d1a\" data-element_type=\"section\" data-settings=\"{&quot;stretch_section&quot;:&quot;section-stretched&quot;}\">\n\t\t\t\t\t\t<div class=\"elementor-container elementor-column-gap-extended\">\n\t\t\t\t\t<div class=\"elementor-column elementor-col-100 elementor-top-column elementor-element elementor-element-d32c84f sc_inner_width_none sc_content_align_inherit sc_layouts_column_icons_position_left sc_fly_static\" data-id=\"d32c84f\" data-element_type=\"column\">\n\t\t\t<div class=\"elementor-widget-wrap elementor-element-populated\">\n\t\t\t\t\t\t<section class=\"elementor-section elementor-inner-section elementor-element elementor-element-4bde530 elementor-section-full_width elementor-section-height-default elementor-section-height-default sc_fly_static\" data-id=\"4bde530\" data-element_type=\"section\">\n\t\t\t\t\t\t<div class=\"elementor-container elementor-column-gap-extended\">\n\t\t\t\t\t<div class=\"elementor-column elementor-col-33 elementor-inner-column elementor-element elementor-element-139b44f sc_inner_width_none sc_content_align_inherit sc_layouts_column_icons_position_left sc_fly_static\" data-id=\"139b44f\" data-element_type=\"column\">\n\t\t\t<div class=\"elementor-widget-wrap elementor-element-populated\">\n\t\t\t\t\t\t<div class=\"elementor-element elementor-element-a24b54a sc_fly_static elementor-widget elementor-widget-image\" data-id=\"a24b54a\" data-element_type=\"widget\" data-widget_type=\"image.default\">\n\t\t\t\t<div class=\"elementor-widget-container\">\n\t\t\t\t\t\t\t\t\t\t\t\t\t\t\t<img fetchpriority=\"high\" decoding=\"async\" width=\"700\" height=\"850\" src=\"https:\/\/ivobergphotography.com\/wp-content\/uploads\/2024\/01\/IVO-e1706371504452.jpg\" class=\"attachment-large size-large wp-image-35390\" alt=\"\" \/>\t\t\t\t\t\t\t\t\t\t\t\t\t\t\t<\/div>\n\t\t\t\t<\/div>\n\t\t\t\t<div class=\"elementor-element elementor-element-6ea53c8 sc_fly_static elementor-widget elementor-widget-text-editor\" data-id=\"6ea53c8\" data-element_type=\"widget\" data-widget_type=\"text-editor.default\">\n\t\t\t\t<div class=\"elementor-widget-container\">\n\t\t\t\t\t\t\t\t\t<p><span style=\"color: #999999;\"><em>Foto: Tobias Ortmann<\/em><\/span><\/p>\t\t\t\t\t\t\t\t<\/div>\n\t\t\t\t<\/div>\n\t\t\t\t\t<\/div>\n\t\t<\/div>\n\t\t\t\t<div class=\"elementor-column elementor-col-33 elementor-inner-column elementor-element elementor-element-5bd328a sc_inner_width_none sc_content_align_inherit sc_layouts_column_icons_position_left sc_fly_static\" data-id=\"5bd328a\" data-element_type=\"column\">\n\t\t\t<div class=\"elementor-widget-wrap\">\n\t\t\t\t\t\t\t<\/div>\n\t\t<\/div>\n\t\t\t\t<div class=\"elementor-column elementor-col-33 elementor-inner-column elementor-element elementor-element-97bc97f sc_inner_width_none sc_content_align_inherit sc_layouts_column_icons_position_left sc_fly_static\" data-id=\"97bc97f\" data-element_type=\"column\">\n\t\t\t<div class=\"elementor-widget-wrap elementor-element-populated\">\n\t\t\t\t\t\t<div class=\"elementor-element elementor-element-ad9c58d sc_fly_static elementor-widget elementor-widget-trx_sc_title\" data-id=\"ad9c58d\" data-element_type=\"widget\" data-widget_type=\"trx_sc_title.default\">\n\t\t\t\t<div class=\"elementor-widget-container\">\n\t\t\t\t\t<div\t\tclass=\"sc_title sc_title_default\" ><h1 class=\"sc_item_title sc_title_title sc_item_title_style_default sc_item_title_tag\"\n\t\t\t><span class=\"sc_item_title_text\">Meine Geschichte<\/span><\/h1><\/div>\t\t\t\t<\/div>\n\t\t\t\t<\/div>\n\t\t\t\t<div class=\"elementor-element elementor-element-880e73d sc_fly_static elementor-widget elementor-widget-text-editor\" data-id=\"880e73d\" data-element_type=\"widget\" data-widget_type=\"text-editor.default\">\n\t\t\t\t<div class=\"elementor-widget-container\">\n\t\t\t\t\t\t\t\t\t<p>Ivo Berg wurde im Jahr 1989 in Ost-Berlin geboren, wo er bis heute lebt und arbeitet. Im Alter von 19 Jahren machte er erste Erfahrungen mit Fotografie und entwickelte schnell eine tiefgehende Faszination f\u00fcr die Kunstform. Seine\u00a0ersten Jahre waren gepr\u00e4gt von einer ausgepr\u00e4gten experimentellen Phase, welche ihn schlussendlich zu seinem Interesse an architektonischen Themen f\u00fchrte.<\/p><p>Im Laufe der Jahre konkretisierte sich dieses Interesse hin zu den Themen Brutalismus, Architektur und Symmetrien, welche heute den Gro\u00dfteil seines fotografischen Outputs ausmachen.<\/p><p>\u00dcber die Jahre hat die Fotografie ihn an eine Vielzahl verschiedener Orte in der ganzen Welt gef\u00fchrt, so zum Beispiel nach Chile, in die USA, nach Indien und in fast jedes Land Europas.<\/p><p>Ivo Berg\u2019s Arbeiten wurden in diversen internationalen Publikationen ver\u00f6ffentlicht, so zum Beispiel in \u201cThe Daily Telegraph\u201d (UK), \u201cWelt der Wunder Magazin\u201d (DEU) und diversen Online-Ver\u00f6ffentlichungen.<\/p><p>Seine Arbeiten erhielten bereits zahlreiche Auszeichnungen und Anerkennung im Rahmen internationaler Fotowettbewerbe wie z.B. Chromatic Awards (2023), ND Awards (2023) oder dem Arte Laguna Prize (2023).<\/p>\t\t\t\t\t\t\t\t<\/div>\n\t\t\t\t<\/div>\n\t\t\t\t\t<\/div>\n\t\t<\/div>\n\t\t\t\t\t<\/div>\n\t\t<\/section>\n\t\t\t\t\t<\/div>\n\t\t<\/div>\n\t\t\t\t\t<\/div>\n\t\t<\/section>\n\t\t\t\t<section class=\"elementor-section-with-custom-width elementor-section elementor-top-section elementor-element elementor-element-29190fc elementor-section-stretched elementor-section-boxed elementor-section-height-default elementor-section-height-default sc_fly_static\" data-id=\"29190fc\" data-element_type=\"section\" data-settings=\"{&quot;stretch_section&quot;:&quot;section-stretched&quot;}\">\n\t\t\t\t\t\t<div class=\"elementor-container elementor-column-gap-extended\">\n\t\t\t\t\t<div class=\"elementor-column elementor-col-100 elementor-top-column elementor-element elementor-element-5d4eeeb sc_inner_width_none sc_content_align_inherit sc_layouts_column_icons_position_left sc_fly_static\" data-id=\"5d4eeeb\" data-element_type=\"column\">\n\t\t\t<div class=\"elementor-widget-wrap elementor-element-populated\">\n\t\t\t\t\t\t<section class=\"elementor-section elementor-inner-section elementor-element elementor-element-1d1106d elementor-section-full_width elementor-section-height-default elementor-section-height-default sc_fly_static\" data-id=\"1d1106d\" data-element_type=\"section\">\n\t\t\t\t\t\t<div class=\"elementor-container elementor-column-gap-extended\">\n\t\t\t\t\t<div class=\"elementor-column elementor-col-33 elementor-inner-column elementor-element elementor-element-547f7e2 sc_inner_width_none sc_content_align_inherit sc_layouts_column_icons_position_left sc_fly_static\" data-id=\"547f7e2\" data-element_type=\"column\">\n\t\t\t<div class=\"elementor-widget-wrap elementor-element-populated\">\n\t\t\t\t\t\t<div class=\"elementor-element elementor-element-66f5ce5 sc_fly_static elementor-widget elementor-widget-image\" data-id=\"66f5ce5\" data-element_type=\"widget\" data-widget_type=\"image.default\">\n\t\t\t\t<div class=\"elementor-widget-container\">\n\t\t\t\t\t\t\t\t\t\t\t\t\t\t\t<img decoding=\"async\" width=\"843\" height=\"1024\" src=\"https:\/\/ivobergphotography.com\/wp-content\/uploads\/2024\/01\/IMG-20240121-WA0042-843x1024.jpg\" class=\"attachment-large size-large wp-image-35459\" alt=\"\" srcset=\"https:\/\/ivobergphotography.com\/wp-content\/uploads\/2024\/01\/IMG-20240121-WA0042-843x1024.jpg 843w, https:\/\/ivobergphotography.com\/wp-content\/uploads\/2024\/01\/IMG-20240121-WA0042-247x300.jpg 247w, https:\/\/ivobergphotography.com\/wp-content\/uploads\/2024\/01\/IMG-20240121-WA0042-768x933.jpg 768w, https:\/\/ivobergphotography.com\/wp-content\/uploads\/2024\/01\/IMG-20240121-WA0042-1264x1536.jpg 1264w, https:\/\/ivobergphotography.com\/wp-content\/uploads\/2024\/01\/IMG-20240121-WA0042-370x450.jpg 370w, https:\/\/ivobergphotography.com\/wp-content\/uploads\/2024\/01\/IMG-20240121-WA0042-840x1021.jpg 840w, https:\/\/ivobergphotography.com\/wp-content\/uploads\/2024\/01\/IMG-20240121-WA0042-410x498.jpg 410w, https:\/\/ivobergphotography.com\/wp-content\/uploads\/2024\/01\/IMG-20240121-WA0042-600x729.jpg 600w, https:\/\/ivobergphotography.com\/wp-content\/uploads\/2024\/01\/IMG-20240121-WA0042.jpg 1317w\" sizes=\"(max-width: 843px) 100vw, 843px\" \/>\t\t\t\t\t\t\t\t\t\t\t\t\t\t\t<\/div>\n\t\t\t\t<\/div>\n\t\t\t\t<div class=\"elementor-element elementor-element-9d55ac2 sc_fly_static elementor-widget elementor-widget-text-editor\" data-id=\"9d55ac2\" data-element_type=\"widget\" data-widget_type=\"text-editor.default\">\n\t\t\t\t<div class=\"elementor-widget-container\">\n\t\t\t\t\t\t\t\t\t<p><em>Foto: Tobias Ortmann<\/em><\/p>\t\t\t\t\t\t\t\t<\/div>\n\t\t\t\t<\/div>\n\t\t\t\t<div class=\"elementor-element elementor-element-1745262 sc_fly_static elementor-widget elementor-widget-text-editor\" data-id=\"1745262\" data-element_type=\"widget\" data-widget_type=\"text-editor.default\">\n\t\t\t\t<div class=\"elementor-widget-container\">\n\t\t\t\t\t\t\t\t\t<h1><strong>Ausstellungen:<\/strong><\/h1><p>2023 \u00b7 Gruppenausstellung \u201cShare your Vision 2023\u201d\u00a0\u00b7 Photopia Hamburg<br \/>2024 \u00b7 Einzelausstellung \u201cBUILDING BLOCKS\u201d \u00b7 Galerie Streulicht<br \/>2024\u00a0<span style=\"font-family: 'Zen Kaku Gothic Antique', sans-serif; font-size: 16px; font-style: normal; font-weight: 400; letter-spacing: -0.32px;\">\u00b7\u00a0<\/span><span style=\"font-family: 'Zen Kaku Gothic Antique', sans-serif; font-size: 16px; font-style: normal; font-weight: 400; letter-spacing: -0.32px;\">Gruppenausstellung<\/span><span style=\"font-family: 'Zen Kaku Gothic Antique', sans-serif; font-size: 16px; font-style: normal; font-weight: 400; letter-spacing: -0.32px;\">\u00a0&#8222;The Value&#8220;\u00a0<\/span><span style=\"font-family: 'Zen Kaku Gothic Antique', sans-serif; font-size: 16px; font-style: normal; font-weight: 400; letter-spacing: -0.32px;\">\u00b7 CICA Museum, Seoul<\/span><br \/><span style=\"font-size: 16px; letter-spacing: -0.32px;\">2024\u00a0<\/span><span style=\"font-family: 'Zen Kaku Gothic Antique', sans-serif; font-size: 16px; font-style: normal; font-weight: 400; letter-spacing: -0.32px;\">\u00b7 Gruppenausstellung &#8222;Arte Laguna Prize&#8220;\u00a0<\/span><span style=\"font-family: 'Zen Kaku Gothic Antique', sans-serif; font-size: 16px; font-style: normal; font-weight: 400; letter-spacing: -0.32px;\">\u00b7<\/span><span style=\"font-family: 'Zen Kaku Gothic Antique', sans-serif; font-size: 16px; font-style: normal; font-weight: 400; letter-spacing: -0.32px;\">\u00a0Venedig<br \/>2025\u00a0<\/span><span style=\"font-family: 'Zen Kaku Gothic Antique', sans-serif; font-size: 16px; font-style: normal; font-weight: 400; letter-spacing: -0.32px;\">\u00b7 Gruppenausstellung <a href=\"https:\/\/ivobergphotography.com\/de\/ivo-berg-bei-baam9-berlin-artist-art-market\/\">&#8222;BAAM Berlin&#8220;<\/a>\u00a0<\/span><span style=\"font-family: 'Zen Kaku Gothic Antique', sans-serif; font-size: 16px; font-style: normal; font-weight: 400; letter-spacing: -0.32px;\">\u00b7 Berlin, Deutschland<\/span><\/p>\t\t\t\t\t\t\t\t<\/div>\n\t\t\t\t<\/div>\n\t\t\t\t\t<\/div>\n\t\t<\/div>\n\t\t\t\t<div class=\"elementor-column elementor-col-33 elementor-inner-column elementor-element elementor-element-07f2fe6 sc_inner_width_none sc_content_align_inherit sc_layouts_column_icons_position_left sc_fly_static\" data-id=\"07f2fe6\" data-element_type=\"column\">\n\t\t\t<div class=\"elementor-widget-wrap\">\n\t\t\t\t\t\t\t<\/div>\n\t\t<\/div>\n\t\t\t\t<div class=\"elementor-column elementor-col-33 elementor-inner-column elementor-element elementor-element-884af7d sc_inner_width_none sc_content_align_inherit sc_layouts_column_icons_position_left sc_fly_static\" data-id=\"884af7d\" data-element_type=\"column\">\n\t\t\t<div class=\"elementor-widget-wrap elementor-element-populated\">\n\t\t\t\t\t\t<div class=\"elementor-element elementor-element-0842a10 sc_fly_static elementor-widget elementor-widget-trx_sc_title\" data-id=\"0842a10\" data-element_type=\"widget\" data-widget_type=\"trx_sc_title.default\">\n\t\t\t\t<div class=\"elementor-widget-container\">\n\t\t\t\t\t<div\t\tclass=\"sc_title sc_title_default\" ><h1 class=\"sc_item_title sc_title_title sc_item_title_style_default sc_item_title_tag\"\n\t\t\t><span class=\"sc_item_title_text\">Artist Statement<\/span><\/h1><\/div>\t\t\t\t<\/div>\n\t\t\t\t<\/div>\n\t\t\t\t<div class=\"elementor-element elementor-element-85b6ec0 sc_fly_static elementor-widget elementor-widget-text-editor\" data-id=\"85b6ec0\" data-element_type=\"widget\" data-widget_type=\"text-editor.default\">\n\t\t\t\t<div class=\"elementor-widget-container\">\n\t\t\t\t\t\t\t\t\t<p>Neugier\u00a0\u2013 sie ist die treibende Kraft hinter meiner kreativen Arbeit. Neugier, besser und mehr zu verstehen.\u00a0Nicht nur die Menschen und die\u00a0Natur sondern\u00a0auch wie alles zusammen das schafft,\u00a0was wir \u201cLeben\u201d nennen. Neugier\u00a0treibt mich weiter und zwingt mich die Grenzen meiner \u201cComfort Zone\u201d immer wieder aufs Neue auszutesten. Ich finde es spannend\u00a0zu erforschen woher diese inneren Grenzen kommen, wie sie sich durch neue Erlebnisse ausweiten und wie wir als Personen wachsen, wenn wir uns diesem Prozess nicht verschlie\u00dfen.<\/p><p>Das Unbekannte zieht mich an. Trotz der mit ihm\u00a0verbundenen\u00a0Angst liegt darin\u00a0auch\u00a0Vorfreude, Erwartung und\u00a0dieses gewisse \u201calles kann passieren\u201d. Die Kamera in meiner Hand gibt mir eine Aufgabe\u00a0und erlaubt es mir heraus zu finden was nach der Angst kommt. Fotografie\u00a0ist daher ebenso sehr eine Erkundung meiner Selbst als auch eine Studie der Welt um mich herum. Grenzen sind dazu da \u00fcberschritten zu werden. Die Kamera st\u00e4rkt mir dabei den\u00a0R\u00fccken und dokumentiert den Prozess.<\/p><p>Auf dieser Erkundungsreise\u00a0begegnet mir \u00c4sthetik und Sch\u00f6nheit an den unerwartetsten Orten. Von bedr\u00fcckenden brutalistischen Landschaften zu farbenfrohen Zentren der modernen Architektur. Von verstaubten Kellergew\u00f6lben sowjetischer Zeiten zu den beeindruckendsten Highlights urbaner Strukturen. Was z\u00e4hlt ist\u00a0<em>der Moment<\/em>,\u00a0in dem\u00a0die einzelnen Objekte mehr bilden\u00a0als die Summe ihrer Teile.<\/p><p>Ja,\u00a0Neugier\u00a0treibt mich an.\u00a0Und\u00a0sie ist es auch die es mir so schwer macht beim Blick in die Zukunft nicht ungeduldig zu werden.<\/p><p><strong>Ivo Berg, M\u00e4rz 2024<\/strong><\/p>\t\t\t\t\t\t\t\t<\/div>\n\t\t\t\t<\/div>\n\t\t\t\t\t<\/div>\n\t\t<\/div>\n\t\t\t\t\t<\/div>\n\t\t<\/section>\n\t\t\t\t\t<\/div>\n\t\t<\/div>\n\t\t\t\t\t<\/div>\n\t\t<\/section>\n\t\t\t\t<section class=\"elementor-section elementor-top-section elementor-element elementor-element-61a69c1 elementor-section-boxed elementor-section-height-default elementor-section-height-default sc_fly_static\" data-id=\"61a69c1\" data-element_type=\"section\">\n\t\t\t\t\t\t<div class=\"elementor-container elementor-column-gap-extended\">\n\t\t\t\t\t<div class=\"elementor-column elementor-col-100 elementor-top-column elementor-element elementor-element-28e63fd sc_inner_width_none sc_content_align_inherit sc_layouts_column_icons_position_left sc_fly_static\" data-id=\"28e63fd\" data-element_type=\"column\">\n\t\t\t<div class=\"elementor-widget-wrap elementor-element-populated\">\n\t\t\t\t\t\t<div class=\"elementor-element elementor-element-02296e9 sc_fly_static elementor-widget elementor-widget-spacer\" data-id=\"02296e9\" data-element_type=\"widget\" data-widget_type=\"spacer.default\">\n\t\t\t\t<div class=\"elementor-widget-container\">\n\t\t\t\t\t\t\t<div class=\"elementor-spacer\">\n\t\t\t<div class=\"elementor-spacer-inner\"><\/div>\n\t\t<\/div>\n\t\t\t\t\t\t<\/div>\n\t\t\t\t<\/div>\n\t\t\t\t\t<\/div>\n\t\t<\/div>\n\t\t\t\t\t<\/div>\n\t\t<\/section>\n\t\t\t\t<section class=\"elementor-section-with-custom-width elementor-section elementor-top-section elementor-element elementor-element-2d4ee08 elementor-section-stretched sc_layouts_hide_on_wide sc_layouts_hide_on_desktop sc_layouts_hide_on_notebook sc_layouts_hide_on_tablet sc_layouts_hide_on_mobile elementor-section-boxed elementor-section-height-default elementor-section-height-default sc_fly_static\" data-id=\"2d4ee08\" data-element_type=\"section\" data-settings=\"{&quot;background_background&quot;:&quot;classic&quot;,&quot;stretch_section&quot;:&quot;section-stretched&quot;}\">\n\t\t\t\t\t\t<div class=\"elementor-container elementor-column-gap-extended\">\n\t\t\t\t\t<div class=\"elementor-column elementor-col-100 elementor-top-column elementor-element elementor-element-81dbb84 sc_inner_width_none sc_content_align_inherit sc_layouts_column_icons_position_left sc_fly_static\" data-id=\"81dbb84\" data-element_type=\"column\">\n\t\t\t<div class=\"elementor-widget-wrap elementor-element-populated\">\n\t\t\t\t\t\t<div class=\"elementor-element elementor-element-5dddd509 sc_fly_static elementor-widget elementor-widget-trx_sc_title\" data-id=\"5dddd509\" data-element_type=\"widget\" data-widget_type=\"trx_sc_title.default\">\n\t\t\t\t<div class=\"elementor-widget-container\">\n\t\t\t\t\t<div\t\tclass=\"sc_title sc_title_default\" ><h1 class=\"sc_item_title sc_title_title sc_item_title_style_default sc_item_title_tag\"\n\t\t\t><span class=\"sc_item_title_text\">Artist Statement<\/span><\/h1><\/div>\t\t\t\t<\/div>\n\t\t\t\t<\/div>\n\t\t\t\t<div class=\"elementor-element elementor-element-2830b749 sc_fly_static elementor-widget elementor-widget-spacer\" data-id=\"2830b749\" data-element_type=\"widget\" data-widget_type=\"spacer.default\">\n\t\t\t\t<div class=\"elementor-widget-container\">\n\t\t\t\t\t\t\t<div class=\"elementor-spacer\">\n\t\t\t<div class=\"elementor-spacer-inner\"><\/div>\n\t\t<\/div>\n\t\t\t\t\t\t<\/div>\n\t\t\t\t<\/div>\n\t\t\t\t<div class=\"elementor-element elementor-element-72ad4e0c sc_fly_static elementor-widget elementor-widget-text-editor\" data-id=\"72ad4e0c\" data-element_type=\"widget\" data-widget_type=\"text-editor.default\">\n\t\t\t\t<div class=\"elementor-widget-container\">\n\t\t\t\t\t\t\t\t\t<p>Curiosity is the fuel driving my passion to view the world through the lens of a camera.\u00a0<span lang=\"de-DE\">Curiosity<\/span>\u00a0about the world, the people within it, and how everything fits together to create the experience of life. Pushing myself to explore the world also tests the limits of my own comfort zone. I am very interested in how these personal boundaries are created, how they can expand, and the growth we experience as humans when we are willing to open ourselves to the world.<\/p><p>I am drawn to seek out the unknown. Within the fear and ambiguity of new experiences is also a powerful sense of anticipation, of adrenaline, of \u2018anything can happen\u2019. A camera in my hand urges me forward to find out what is on the other side of fear. My creative process is as much an exploration of my internal space as it is an exploration of the world around me. Boundaries are meant to be crossed and I capture the thrilling experience of discovery.<\/p><p>During this exploration, I uncover beauty in the most unlikely of places and situations. From expansive landscapes around the world to intimate portraits resonating with humanity. From dust-filled impressions of long forgotten basements to the little moment on the street that makes me laugh. It is all about the\u00a0<em>decisive moment<\/em>. When the single aspects in the frame add up to something much greater than the sum of its parts, something truly remarkable comes into existence.<\/p><p>Curiosity is the force that drives my work. And I cannot help but curiously look forward to see where this exploration is leading me.<\/p><p><span style=\"color: #000000;\"><strong>Ivo Berg, August 2015<\/strong><\/span><\/p>\t\t\t\t\t\t\t\t<\/div>\n\t\t\t\t<\/div>\n\t\t\t\t<div class=\"elementor-element elementor-element-8ea2797 sc_fly_static elementor-widget elementor-widget-text-editor\" data-id=\"8ea2797\" data-element_type=\"widget\" data-widget_type=\"text-editor.default\">\n\t\t\t\t<div class=\"elementor-widget-container\">\n\t\t\t\t\t\t\t\t\t<h5>Exhibtions:<\/h5><p>2016 \u00b7 Single Exhibition \u2018<a href=\"https:\/\/www.ivobergphotography.com\/exhibition-india-night-and-day\/\" target=\"_blank\" rel=\"noopener noreferrer\">INDIA-DAY AND NIGHT<\/a>\u2018\u00a0\u00b7\u00a0Babylon Berlin<\/p>\t\t\t\t\t\t\t\t<\/div>\n\t\t\t\t<\/div>\n\t\t\t\t<div class=\"elementor-element elementor-element-4059005e sc_height_small sc_fly_static elementor-widget elementor-widget-spacer\" data-id=\"4059005e\" data-element_type=\"widget\" data-widget_type=\"spacer.default\">\n\t\t\t\t<div class=\"elementor-widget-container\">\n\t\t\t\t\t\t\t<div class=\"elementor-spacer\">\n\t\t\t<div class=\"elementor-spacer-inner\"><\/div>\n\t\t<\/div>\n\t\t\t\t\t\t<\/div>\n\t\t\t\t<\/div>\n\t\t\t\t\t<\/div>\n\t\t<\/div>\n\t\t\t\t\t<\/div>\n\t\t<\/section>\n\t\t\t\t<\/div>\n\t\t","protected":false},"excerpt":{"rendered":"<p>Foto: Tobias Ortmann Meine Geschichte Ivo Berg wurde im Jahr 1989 in Ost-Berlin geboren, wo er bis heute lebt und arbeitet. Im Alter von 19 Jahren machte er erste Erfahrungen&hellip;<\/p>\n","protected":false},"author":1,"featured_media":0,"parent":0,"menu_order":0,"comment_status":"closed","ping_status":"closed","template":"","meta":{"footnotes":""},"class_list":["post-35670","page","type-page","status-publish","hentry"],"_links":{"self":[{"href":"https:\/\/ivobergphotography.com\/de\/wp-json\/wp\/v2\/pages\/35670","targetHints":{"allow":["GET"]}}],"collection":[{"href":"https:\/\/ivobergphotography.com\/de\/wp-json\/wp\/v2\/pages"}],"about":[{"href":"https:\/\/ivobergphotography.com\/de\/wp-json\/wp\/v2\/types\/page"}],"author":[{"embeddable":true,"href":"https:\/\/ivobergphotography.com\/de\/wp-json\/wp\/v2\/users\/1"}],"replies":[{"embeddable":true,"href":"https:\/\/ivobergphotography.com\/de\/wp-json\/wp\/v2\/comments?post=35670"}],"version-history":[{"count":12,"href":"https:\/\/ivobergphotography.com\/de\/wp-json\/wp\/v2\/pages\/35670\/revisions"}],"predecessor-version":[{"id":36316,"href":"https:\/\/ivobergphotography.com\/de\/wp-json\/wp\/v2\/pages\/35670\/revisions\/36316"}],"wp:attachment":[{"href":"https:\/\/ivobergphotography.com\/de\/wp-json\/wp\/v2\/media?parent=35670"}],"curies":[{"name":"wp","href":"https:\/\/api.w.org\/{rel}","templated":true}]}}