{"id":35397,"date":"2023-06-12T16:39:53","date_gmt":"2023-06-12T16:39:53","guid":{"rendered":"https:\/\/ivobergphotography.com\/photographer-portfolio\/"},"modified":"2025-06-24T14:47:53","modified_gmt":"2025-06-24T14:47:53","slug":"photographer-portfolio","status":"publish","type":"page","link":"https:\/\/ivobergphotography.com\/de\/","title":{"rendered":"Home"},"content":{"rendered":"\t\t<div data-elementor-type=\"wp-page\" data-elementor-id=\"35397\" class=\"elementor elementor-35397 elementor-18207\">\n\t\t\t\t\t\t<section class=\"elementor-section elementor-top-section elementor-element elementor-element-86e720d elementor-section-full_width elementor-section-height-min-height elementor-section-stretched sc_layouts_hide_on_tablet sc_layouts_hide_on_mobile elementor-section-height-default elementor-section-items-middle sc_fly_static\" data-id=\"86e720d\" data-element_type=\"section\" data-settings=\"{&quot;stretch_section&quot;:&quot;section-stretched&quot;,&quot;background_background&quot;:&quot;classic&quot;}\">\n\t\t\t\t\t\t<div class=\"elementor-container elementor-column-gap-no\">\n\t\t\t\t\t<div class=\"elementor-column elementor-col-100 elementor-top-column elementor-element elementor-element-7a8eed7 sc_inner_width_none sc_content_align_inherit sc_layouts_column_icons_position_left sc_fly_static\" data-id=\"7a8eed7\" data-element_type=\"column\">\n\t\t\t<div class=\"elementor-widget-wrap\">\n\t\t\t\t\t\t\t<\/div>\n\t\t<\/div>\n\t\t\t\t\t<\/div>\n\t\t<\/section>\n\t\t\t\t<section class=\"elementor-section elementor-top-section elementor-element elementor-element-c258d3d elementor-section-full_width elementor-section-height-min-height elementor-section-stretched sc_layouts_hide_on_wide sc_layouts_hide_on_desktop sc_layouts_hide_on_notebook elementor-section-height-default elementor-section-items-middle sc_fly_static\" data-id=\"c258d3d\" data-element_type=\"section\" data-settings=\"{&quot;stretch_section&quot;:&quot;section-stretched&quot;,&quot;background_background&quot;:&quot;classic&quot;}\">\n\t\t\t\t\t\t<div class=\"elementor-container elementor-column-gap-no\">\n\t\t\t\t\t<div class=\"elementor-column elementor-col-100 elementor-top-column elementor-element elementor-element-709838e sc_inner_width_none sc_content_align_inherit sc_layouts_column_icons_position_left sc_fly_static\" data-id=\"709838e\" data-element_type=\"column\">\n\t\t\t<div class=\"elementor-widget-wrap\">\n\t\t\t\t\t\t\t<\/div>\n\t\t<\/div>\n\t\t\t\t\t<\/div>\n\t\t<\/section>\n\t\t\t\t<section class=\"elementor-section-with-custom-width elementor-section elementor-top-section elementor-element elementor-element-3881b46 elementor-section-stretched elementor-section-boxed elementor-section-height-default elementor-section-height-default sc_fly_static\" data-id=\"3881b46\" data-element_type=\"section\" data-settings=\"{&quot;stretch_section&quot;:&quot;section-stretched&quot;}\">\n\t\t\t\t\t\t<div class=\"elementor-container elementor-column-gap-extended\">\n\t\t\t\t\t<div class=\"elementor-column elementor-col-100 elementor-top-column elementor-element elementor-element-fc324b5 sc_inner_width_none sc_content_align_inherit sc_layouts_column_icons_position_left sc_fly_static\" data-id=\"fc324b5\" data-element_type=\"column\">\n\t\t\t<div class=\"elementor-widget-wrap elementor-element-populated\">\n\t\t\t\t\t\t<section class=\"elementor-section elementor-inner-section elementor-element elementor-element-6e10aa5 elementor-section-boxed elementor-section-height-default elementor-section-height-default sc_fly_static\" data-id=\"6e10aa5\" data-element_type=\"section\">\n\t\t\t\t\t\t<div class=\"elementor-container elementor-column-gap-extended\">\n\t\t\t\t\t<div class=\"elementor-column elementor-col-50 elementor-inner-column elementor-element elementor-element-5e4de54 sc_inner_width_none sc_content_align_inherit sc_layouts_column_icons_position_left sc_fly_static\" data-id=\"5e4de54\" data-element_type=\"column\">\n\t\t\t<div class=\"elementor-widget-wrap elementor-element-populated\">\n\t\t\t\t\t\t<div class=\"elementor-element elementor-element-b1e5b51 sc_fly_static elementor-widget elementor-widget-image\" data-id=\"b1e5b51\" data-element_type=\"widget\" data-widget_type=\"image.default\">\n\t\t\t\t<div class=\"elementor-widget-container\">\n\t\t\t\t\t\t\t\t\t\t\t\t\t\t\t\t<a href=\"https:\/\/ivobergphotography.com\/portfolio\">\n\t\t\t\t\t\t\t<img fetchpriority=\"high\" decoding=\"async\" width=\"1024\" height=\"792\" src=\"https:\/\/ivobergphotography.com\/wp-content\/uploads\/2024\/01\/IMG-20240121-WA0041-1024x792.jpg\" class=\"attachment-large size-large wp-image-35415\" alt=\"\" srcset=\"https:\/\/ivobergphotography.com\/wp-content\/uploads\/2024\/01\/IMG-20240121-WA0041-1024x792.jpg 1024w, https:\/\/ivobergphotography.com\/wp-content\/uploads\/2024\/01\/IMG-20240121-WA0041-300x232.jpg 300w, https:\/\/ivobergphotography.com\/wp-content\/uploads\/2024\/01\/IMG-20240121-WA0041-768x594.jpg 768w, https:\/\/ivobergphotography.com\/wp-content\/uploads\/2024\/01\/IMG-20240121-WA0041-1536x1188.jpg 1536w, https:\/\/ivobergphotography.com\/wp-content\/uploads\/2024\/01\/IMG-20240121-WA0041-2048x1584.jpg 2048w, https:\/\/ivobergphotography.com\/wp-content\/uploads\/2024\/01\/IMG-20240121-WA0041-370x286.jpg 370w, https:\/\/ivobergphotography.com\/wp-content\/uploads\/2024\/01\/IMG-20240121-WA0041-840x650.jpg 840w, https:\/\/ivobergphotography.com\/wp-content\/uploads\/2024\/01\/IMG-20240121-WA0041-410x317.jpg 410w, https:\/\/ivobergphotography.com\/wp-content\/uploads\/2024\/01\/IMG-20240121-WA0041-600x464.jpg 600w\" sizes=\"(max-width: 1024px) 100vw, 1024px\" \/>\t\t\t\t\t\t\t\t<\/a>\n\t\t\t\t\t\t\t\t\t\t\t\t\t\t\t<\/div>\n\t\t\t\t<\/div>\n\t\t\t\t\t<\/div>\n\t\t<\/div>\n\t\t\t\t<div class=\"elementor-column elementor-col-50 elementor-inner-column elementor-element elementor-element-f1b4169 sc_inner_width_none sc_content_align_inherit sc_layouts_column_icons_position_left sc_fly_static\" data-id=\"f1b4169\" data-element_type=\"column\">\n\t\t\t<div class=\"elementor-widget-wrap elementor-element-populated\">\n\t\t\t\t\t\t<div class=\"elementor-element elementor-element-44b0e13 sc_fly_static elementor-widget elementor-widget-image\" data-id=\"44b0e13\" data-element_type=\"widget\" data-widget_type=\"image.default\">\n\t\t\t\t<div class=\"elementor-widget-container\">\n\t\t\t\t\t\t\t\t\t\t\t\t\t\t\t\t<a href=\"https:\/\/ivobergphotography.com\/ivo-berg-at-kiezkunstmarkt-friedrichshain-2025\/\">\n\t\t\t\t\t\t\t<img decoding=\"async\" width=\"1024\" height=\"793\" src=\"https:\/\/ivobergphotography.com\/wp-content\/uploads\/2025\/06\/Ankundigung-Ivo-Berg-auf-dem-Kiezkunstmarkt-Friedrichshain-1024x793.jpg\" class=\"attachment-large size-large wp-image-36349\" alt=\"\" srcset=\"https:\/\/ivobergphotography.com\/wp-content\/uploads\/2025\/06\/Ankundigung-Ivo-Berg-auf-dem-Kiezkunstmarkt-Friedrichshain-1024x793.jpg 1024w, https:\/\/ivobergphotography.com\/wp-content\/uploads\/2025\/06\/Ankundigung-Ivo-Berg-auf-dem-Kiezkunstmarkt-Friedrichshain-300x232.jpg 300w, https:\/\/ivobergphotography.com\/wp-content\/uploads\/2025\/06\/Ankundigung-Ivo-Berg-auf-dem-Kiezkunstmarkt-Friedrichshain-768x595.jpg 768w, https:\/\/ivobergphotography.com\/wp-content\/uploads\/2025\/06\/Ankundigung-Ivo-Berg-auf-dem-Kiezkunstmarkt-Friedrichshain-370x286.jpg 370w, https:\/\/ivobergphotography.com\/wp-content\/uploads\/2025\/06\/Ankundigung-Ivo-Berg-auf-dem-Kiezkunstmarkt-Friedrichshain-840x650.jpg 840w, https:\/\/ivobergphotography.com\/wp-content\/uploads\/2025\/06\/Ankundigung-Ivo-Berg-auf-dem-Kiezkunstmarkt-Friedrichshain-410x317.jpg 410w, https:\/\/ivobergphotography.com\/wp-content\/uploads\/2025\/06\/Ankundigung-Ivo-Berg-auf-dem-Kiezkunstmarkt-Friedrichshain-600x464.jpg 600w, https:\/\/ivobergphotography.com\/wp-content\/uploads\/2025\/06\/Ankundigung-Ivo-Berg-auf-dem-Kiezkunstmarkt-Friedrichshain.jpg 1536w\" sizes=\"(max-width: 1024px) 100vw, 1024px\" \/>\t\t\t\t\t\t\t\t<\/a>\n\t\t\t\t\t\t\t\t\t\t\t\t\t\t\t<\/div>\n\t\t\t\t<\/div>\n\t\t\t\t\t<\/div>\n\t\t<\/div>\n\t\t\t\t\t<\/div>\n\t\t<\/section>\n\t\t\t\t\t<\/div>\n\t\t<\/div>\n\t\t\t\t\t<\/div>\n\t\t<\/section>\n\t\t\t\t<section class=\"elementor-section elementor-top-section elementor-element elementor-element-114d4b6 elementor-section-content-middle elementor-section-boxed elementor-section-height-default elementor-section-height-default sc_fly_static\" data-id=\"114d4b6\" data-element_type=\"section\" data-settings=\"{&quot;background_background&quot;:&quot;classic&quot;}\">\n\t\t\t\t\t\t<div class=\"elementor-container elementor-column-gap-no\">\n\t\t\t\t\t<div class=\"elementor-column elementor-col-50 elementor-top-column elementor-element elementor-element-2735e10 sc_inner_width_none sc_content_align_inherit sc_layouts_column_icons_position_left animation_type_block sc_fly_static elementor-invisible\" data-id=\"2735e10\" data-element_type=\"column\" data-settings=\"{&quot;background_background&quot;:&quot;classic&quot;,&quot;animation&quot;:&quot;chroma-fadeinup&quot;}\">\n\t\t\t<div class=\"elementor-widget-wrap elementor-element-populated\">\n\t\t\t\t\t\t<div class=\"elementor-element elementor-element-f9ec849 sc_layouts_hide_on_tablet sc_layouts_hide_on_mobile sc_fly_static elementor-widget elementor-widget-image\" data-id=\"f9ec849\" data-element_type=\"widget\" data-widget_type=\"image.default\">\n\t\t\t\t<div class=\"elementor-widget-container\">\n\t\t\t\t\t\t\t\t\t\t\t\t\t\t\t<img decoding=\"async\" width=\"795\" height=\"625\" src=\"https:\/\/ivobergphotography.com\/wp-content\/uploads\/2024\/01\/IVOberg.jpg\" class=\"attachment-large size-large wp-image-35435\" alt=\"\" srcset=\"https:\/\/ivobergphotography.com\/wp-content\/uploads\/2024\/01\/IVOberg.jpg 795w, https:\/\/ivobergphotography.com\/wp-content\/uploads\/2024\/01\/IVOberg-300x236.jpg 300w, https:\/\/ivobergphotography.com\/wp-content\/uploads\/2024\/01\/IVOberg-768x604.jpg 768w, https:\/\/ivobergphotography.com\/wp-content\/uploads\/2024\/01\/IVOberg-370x291.jpg 370w, https:\/\/ivobergphotography.com\/wp-content\/uploads\/2024\/01\/IVOberg-410x322.jpg 410w, https:\/\/ivobergphotography.com\/wp-content\/uploads\/2024\/01\/IVOberg-600x472.jpg 600w\" sizes=\"(max-width: 795px) 100vw, 795px\" \/>\t\t\t\t\t\t\t\t\t\t\t\t\t\t\t<\/div>\n\t\t\t\t<\/div>\n\t\t\t\t<div class=\"elementor-element elementor-element-6dc84cf sc_layouts_hide_on_wide sc_layouts_hide_on_desktop sc_layouts_hide_on_notebook sc_fly_static elementor-widget elementor-widget-image\" data-id=\"6dc84cf\" data-element_type=\"widget\" data-widget_type=\"image.default\">\n\t\t\t\t<div class=\"elementor-widget-container\">\n\t\t\t\t\t\t\t\t\t\t\t\t\t\t\t<img loading=\"lazy\" decoding=\"async\" width=\"700\" height=\"850\" src=\"https:\/\/ivobergphotography.com\/wp-content\/uploads\/2024\/01\/IVO-e1706371504452.jpg\" class=\"attachment-large size-large wp-image-35390\" alt=\"\" \/>\t\t\t\t\t\t\t\t\t\t\t\t\t\t\t<\/div>\n\t\t\t\t<\/div>\n\t\t\t\t\t<\/div>\n\t\t<\/div>\n\t\t\t\t<div class=\"elementor-column elementor-col-50 elementor-top-column elementor-element elementor-element-4aef794 sc_inner_width_1_2 sc-mobile_inner_width_none sc_content_align_inherit sc_layouts_column_icons_position_left sc_fly_static\" data-id=\"4aef794\" data-element_type=\"column\">\n\t\t\t<div class=\"elementor-widget-wrap elementor-element-populated\">\n\t\t\t\t\t\t<div class=\"elementor-element elementor-element-8f7dba1 sc_fly_static elementor-widget elementor-widget-spacer\" data-id=\"8f7dba1\" data-element_type=\"widget\" data-widget_type=\"spacer.default\">\n\t\t\t\t<div class=\"elementor-widget-container\">\n\t\t\t\t\t\t\t<div class=\"elementor-spacer\">\n\t\t\t<div class=\"elementor-spacer-inner\"><\/div>\n\t\t<\/div>\n\t\t\t\t\t\t<\/div>\n\t\t\t\t<\/div>\n\t\t\t\t<div class=\"elementor-element elementor-element-14f655a sc_fly_static elementor-widget elementor-widget-trx_sc_title\" data-id=\"14f655a\" data-element_type=\"widget\" data-widget_type=\"trx_sc_title.default\">\n\t\t\t\t<div class=\"elementor-widget-container\">\n\t\t\t\t\t<div\t\tclass=\"sc_title sc_title_default\" ><h1 class=\"sc_item_title sc_title_title sc_item_title_style_default sc_item_title_tag\"\n\t\t\t><span class=\"sc_item_title_text\">\u00dcber Ivo<\/span><\/h1><\/div>\t\t\t\t<\/div>\n\t\t\t\t<\/div>\n\t\t\t\t<div class=\"elementor-element elementor-element-35e7d95 sc_fly_static elementor-widget elementor-widget-spacer\" data-id=\"35e7d95\" data-element_type=\"widget\" data-widget_type=\"spacer.default\">\n\t\t\t\t<div class=\"elementor-widget-container\">\n\t\t\t\t\t\t\t<div class=\"elementor-spacer\">\n\t\t\t<div class=\"elementor-spacer-inner\"><\/div>\n\t\t<\/div>\n\t\t\t\t\t\t<\/div>\n\t\t\t\t<\/div>\n\t\t\t\t<div class=\"elementor-element elementor-element-63a4b68 sc_fly_static elementor-widget elementor-widget-text-editor\" data-id=\"63a4b68\" data-element_type=\"widget\" data-widget_type=\"text-editor.default\">\n\t\t\t\t<div class=\"elementor-widget-container\">\n\t\t\t\t\t\t\t\t\t<p data-start=\"0\" data-end=\"191\">Ivo Berg lebt in Berlin und verf\u00fcgt \u00fcber mehr als 15 Jahre Erfahrung im fotografischen Bereich.<br data-start=\"95\" data-end=\"98\">Sein k\u00fcnstlerischer Fokus liegt auf architektonischen Motiven, insbesondere dem puren Beton.<\/p>\n<p data-start=\"193\" data-end=\"585\" data-is-last-node=\"\" data-is-only-node=\"\">Seine Arbeiten wurden bereits in zahlreichen Medien ver\u00f6ffentlicht, darunter The Daily Telegraph (UK), Welt der Wunder Magazin (Deutschland) sowie in Bildb\u00e4nden wie z.B. &#8222;Less is More . The Minimalist Photography Book&#8220;, erschienen im AlmaLusa Verlag.<br data-start=\"435\" data-end=\"438\">Ebenfalls blickt er zur\u00fcck auf eine Vielzahl von Auszeichnungen bei renommierten Fotowettbewerben wie den ND Photo Awards, den Budapest International Foto Awards und dem Arte Laguna Preis.<\/p>\t\t\t\t\t\t\t\t<\/div>\n\t\t\t\t<\/div>\n\t\t\t\t<div class=\"elementor-element elementor-element-bc2abbd sc_fly_static elementor-widget elementor-widget-spacer\" data-id=\"bc2abbd\" data-element_type=\"widget\" data-widget_type=\"spacer.default\">\n\t\t\t\t<div class=\"elementor-widget-container\">\n\t\t\t\t\t\t\t<div class=\"elementor-spacer\">\n\t\t\t<div class=\"elementor-spacer-inner\"><\/div>\n\t\t<\/div>\n\t\t\t\t\t\t<\/div>\n\t\t\t\t<\/div>\n\t\t\t\t<div class=\"elementor-element elementor-element-eb3a0e6 sc_fly_static elementor-widget elementor-widget-trx_sc_button\" data-id=\"eb3a0e6\" data-element_type=\"widget\" data-widget_type=\"trx_sc_button.default\">\n\t\t\t\t<div class=\"elementor-widget-container\">\n\t\t\t\t\t<div\tclass=\"sc_item_button sc_button_wrap\" ><a href=\"https:\/\/ivobergphotography.com\/about\/\" class=\"sc_button sc_button_default sc_button_size_normal sc_button_icon_left\" ><span class=\"sc_button_text\"><span class=\"sc_button_title\">Mehr \u00fcber Ivo<\/span><\/span><\/a><\/div>\t\t\t\t<\/div>\n\t\t\t\t<\/div>\n\t\t\t\t<div class=\"elementor-element elementor-element-a32f4fe sc_layouts_hide_on_tablet sc_fly_static elementor-widget elementor-widget-spacer\" data-id=\"a32f4fe\" data-element_type=\"widget\" data-widget_type=\"spacer.default\">\n\t\t\t\t<div class=\"elementor-widget-container\">\n\t\t\t\t\t\t\t<div class=\"elementor-spacer\">\n\t\t\t<div class=\"elementor-spacer-inner\"><\/div>\n\t\t<\/div>\n\t\t\t\t\t\t<\/div>\n\t\t\t\t<\/div>\n\t\t\t\t\t<\/div>\n\t\t<\/div>\n\t\t\t\t\t<\/div>\n\t\t<\/section>\n\t\t\t\t<section class=\"elementor-section elementor-top-section elementor-element elementor-element-12a9faf2 elementor-section-content-middle elementor-section-full_width elementor-reverse-mobile sc_layouts_hide_on_wide sc_layouts_hide_on_desktop sc_layouts_hide_on_notebook sc_layouts_hide_on_tablet sc_layouts_hide_on_mobile elementor-section-height-default elementor-section-height-default sc_fly_static\" data-id=\"12a9faf2\" data-element_type=\"section\">\n\t\t\t\t\t\t<div class=\"elementor-container elementor-column-gap-no\">\n\t\t\t\t\t<div class=\"elementor-column elementor-col-50 elementor-top-column elementor-element elementor-element-5c0ffb19 sc_inner_width_1_2 sc_content_align_right sc-mobile_inner_width_none sc_layouts_column_icons_position_left sc_fly_static\" data-id=\"5c0ffb19\" data-element_type=\"column\">\n\t\t\t<div class=\"elementor-widget-wrap elementor-element-populated\">\n\t\t\t\t\t\t<div class=\"elementor-element elementor-element-2a4dc6bb animation_type_block sc_fly_static elementor-invisible elementor-widget elementor-widget-trx_sc_title\" data-id=\"2a4dc6bb\" data-element_type=\"widget\" data-settings=\"{&quot;_animation&quot;:&quot;chroma-fadeinup&quot;}\" data-widget_type=\"trx_sc_title.default\">\n\t\t\t\t<div class=\"elementor-widget-container\">\n\t\t\t\t\t<div\t\tclass=\"sc_title sc_title_default\" ><span class=\"sc_item_subtitle sc_title_subtitle sc_item_subtitle_above sc_item_title_style_default\">corporate service<\/span><h1 class=\"sc_item_title sc_title_title sc_item_title_style_default sc_item_title_tag\"\n\t\t\t><span class=\"sc_item_title_text\">Changing the way brands understand photography<\/span><\/h1><div class=\"sc_item_descr sc_title_descr\"><p>Adipiscing elit, sed do eiusmod tempor incididunt ut labore et dolore magna aliqua. Ut enim ad minim veniam.<\/p>\n<\/div><div\tclass=\"sc_item_button sc_button_wrap sc_item_button sc_item_button_default sc_item_button_size_normal sc_title_button\"><a href=\"https:\/\/ivobergphotography.com\/contacts\/\" class=\"sc_button sc_button_default sc_button_size_normal sc_button_icon_left\"><span class=\"sc_button_text\"><span class=\"sc_button_title\">Want to Know More?<\/span><\/span><\/a><\/div><\/div>\t\t\t\t<\/div>\n\t\t\t\t<\/div>\n\t\t\t\t<div class=\"elementor-element elementor-element-c8dc691 sc_height_huge sc_layouts_hide_on_wide sc_layouts_hide_on_desktop sc_layouts_hide_on_notebook sc_layouts_hide_on_tablet sc_fly_static elementor-widget elementor-widget-spacer\" data-id=\"c8dc691\" data-element_type=\"widget\" data-widget_type=\"spacer.default\">\n\t\t\t\t<div class=\"elementor-widget-container\">\n\t\t\t\t\t\t\t<div class=\"elementor-spacer\">\n\t\t\t<div class=\"elementor-spacer-inner\"><\/div>\n\t\t<\/div>\n\t\t\t\t\t\t<\/div>\n\t\t\t\t<\/div>\n\t\t\t\t\t<\/div>\n\t\t<\/div>\n\t\t\t\t<div class=\"elementor-column elementor-col-50 elementor-top-column elementor-element elementor-element-56c4d958 sc_layouts_column_align_center sc_layouts_column sc_inner_width_none sc_content_align_inherit sc_layouts_column_icons_position_left sc_fly_static\" data-id=\"56c4d958\" data-element_type=\"column\">\n\t\t\t<div class=\"elementor-widget-wrap elementor-element-populated\">\n\t\t\t\t\t\t<div class=\"elementor-element elementor-element-a3c24b1 sc_height_huge sc_fly_static elementor-widget elementor-widget-spacer\" data-id=\"a3c24b1\" data-element_type=\"widget\" data-widget_type=\"spacer.default\">\n\t\t\t\t<div class=\"elementor-widget-container\">\n\t\t\t\t\t\t\t<div class=\"elementor-spacer\">\n\t\t\t<div class=\"elementor-spacer-inner\"><\/div>\n\t\t<\/div>\n\t\t\t\t\t\t<\/div>\n\t\t\t\t<\/div>\n\t\t\t\t<div class=\"elementor-element elementor-element-886390e sc_fly_static elementor-widget elementor-widget-image\" data-id=\"886390e\" data-element_type=\"widget\" data-widget_type=\"image.default\">\n\t\t\t\t<div class=\"elementor-widget-container\">\n\t\t\t\t\t\t\t\t\t\t\t\t\t\t\t<img decoding=\"async\" src=\"https:\/\/ivobergphotography.com\/wp-content\/uploads\/elementor\/thumbs\/IMG_6409-HDR_A4-qladigi3irz4vdfdnkofqe4bu2dgc9ij2sw2abytq4.jpg\" title=\"IMG_6409-HDR_A4\" alt=\"IMG_6409-HDR_A4\" loading=\"lazy\" \/>\t\t\t\t\t\t\t\t\t\t\t\t\t\t\t<\/div>\n\t\t\t\t<\/div>\n\t\t\t\t<div class=\"elementor-element elementor-element-d0cf898 sc_fly_static elementor-widget elementor-widget-image\" data-id=\"d0cf898\" data-element_type=\"widget\" data-widget_type=\"image.default\">\n\t\t\t\t<div class=\"elementor-widget-container\">\n\t\t\t\t\t\t\t\t\t\t\t\t\t\t\t<img decoding=\"async\" src=\"https:\/\/ivobergphotography.com\/wp-content\/uploads\/elementor\/thumbs\/IMG_5715-qladifk9t1nbh7pbsjiywbx7qucyjp3e2530dct2jy.jpg\" title=\"IMG_5715\" alt=\"IMG_5715\" loading=\"lazy\" \/>\t\t\t\t\t\t\t\t\t\t\t\t\t\t\t<\/div>\n\t\t\t\t<\/div>\n\t\t\t\t<div class=\"elementor-element elementor-element-c85f0b3 sc_layouts_hide_on_wide sc_layouts_hide_on_desktop sc_layouts_hide_on_notebook sc_layouts_hide_on_tablet sc_layouts_hide_on_mobile sc_fly_static elementor-widget elementor-widget-image\" data-id=\"c85f0b3\" data-element_type=\"widget\" data-widget_type=\"image.default\">\n\t\t\t\t<div class=\"elementor-widget-container\">\n\t\t\t\t\t\t\t\t\t\t\t\t\t\t\t<img decoding=\"async\" src=\"https:\/\/ivobergphotography.com\/wp-content\/uploads\/elementor\/thumbs\/IMG_6834-Bearbeitet_1x1-qladhtxy7k9h6hr7uh0ycfpdlwd1pwa4vxrx358urq.jpg\" title=\"IMG_6834-Bearbeitet_1x1\" alt=\"IMG_6834-Bearbeitet_1x1\" loading=\"lazy\" \/>\t\t\t\t\t\t\t\t\t\t\t\t\t\t\t<\/div>\n\t\t\t\t<\/div>\n\t\t\t\t<div class=\"elementor-element elementor-element-65a903d sc_height_huge sc_layouts_hide_on_mobile sc_fly_static elementor-widget elementor-widget-spacer\" data-id=\"65a903d\" data-element_type=\"widget\" data-widget_type=\"spacer.default\">\n\t\t\t\t<div class=\"elementor-widget-container\">\n\t\t\t\t\t\t\t<div class=\"elementor-spacer\">\n\t\t\t<div class=\"elementor-spacer-inner\"><\/div>\n\t\t<\/div>\n\t\t\t\t\t\t<\/div>\n\t\t\t\t<\/div>\n\t\t\t\t\t<\/div>\n\t\t<\/div>\n\t\t\t\t\t<\/div>\n\t\t<\/section>\n\t\t\t\t<\/div>\n\t\t","protected":false},"excerpt":{"rendered":"<p>\u00dcber Ivo Ivo Berg lebt in Berlin und verf\u00fcgt \u00fcber mehr als 15 Jahre Erfahrung im fotografischen Bereich.Sein k\u00fcnstlerischer Fokus liegt auf architektonischen Motiven, insbesondere dem puren Beton. Seine Arbeiten&hellip;<\/p>\n","protected":false},"author":1,"featured_media":0,"parent":0,"menu_order":0,"comment_status":"closed","ping_status":"closed","template":"","meta":{"footnotes":""},"class_list":["post-35397","page","type-page","status-publish","hentry"],"_links":{"self":[{"href":"https:\/\/ivobergphotography.com\/de\/wp-json\/wp\/v2\/pages\/35397","targetHints":{"allow":["GET"]}}],"collection":[{"href":"https:\/\/ivobergphotography.com\/de\/wp-json\/wp\/v2\/pages"}],"about":[{"href":"https:\/\/ivobergphotography.com\/de\/wp-json\/wp\/v2\/types\/page"}],"author":[{"embeddable":true,"href":"https:\/\/ivobergphotography.com\/de\/wp-json\/wp\/v2\/users\/1"}],"replies":[{"embeddable":true,"href":"https:\/\/ivobergphotography.com\/de\/wp-json\/wp\/v2\/comments?post=35397"}],"version-history":[{"count":69,"href":"https:\/\/ivobergphotography.com\/de\/wp-json\/wp\/v2\/pages\/35397\/revisions"}],"predecessor-version":[{"id":36420,"href":"https:\/\/ivobergphotography.com\/de\/wp-json\/wp\/v2\/pages\/35397\/revisions\/36420"}],"wp:attachment":[{"href":"https:\/\/ivobergphotography.com\/de\/wp-json\/wp\/v2\/media?parent=35397"}],"curies":[{"name":"wp","href":"https:\/\/api.w.org\/{rel}","templated":true}]}}